{"id":8283,"date":"2021-08-26T16:53:55","date_gmt":"2021-08-26T16:53:55","guid":{"rendered":"https:\/\/webshop.d-diving.nl\/?post_type=product&#038;p=8283"},"modified":"2023-10-24T16:38:18","modified_gmt":"2023-10-24T16:38:18","slug":"duikcomputer-mares-2","status":"publish","type":"product","link":"https:\/\/webshop.d-diving.nl\/?product=duikcomputer-mares-2","title":{"rendered":"Mares Puc pro Duikcomputer"},"content":{"rendered":"<p>Toen Mares in 2008 de Puck duikcomputer op de markt bracht , ging er een schok door de branche: een super intu\u00eftieve, gebruiksvriendelijke RGBM-nitrox computer met alle functies voor een buitengewoon concurrerende prijs. En dat gebeurt nu weer. Het was niet makkelijk om het oorspronkelijke concept te verbeteren, maar het is ons gelukt. We zijn erin geslaagd om een kleiner huis met een groter scherm te maken. En bovendien is nu een upgrade van de firmware mogelijk en kan de computer met meerdere gassen worden gebruikt. Geen overbodige toeters en bellen, maar alleen wat u echt nodig heeft. De Puck Pro is de computer die u jaar in jaar uit tijdens uw duikavonturen zal vergezellen.<\/p>\n<p>-Slank ontwerp voor een perfecte pasvorm<br \/>\n-Intu\u00eftieve gebruikersinterface met \u00e9\u00e9n enkele drukknop<br \/>\n-Logbook capaciteit 35 uur met meetfrequentie van duikprofiel om de 5 seconden<br \/>\n-Firmware upgrade mogelijk<br \/>\n-Dieptemeter modus met opnieuw instelbare gemiddelde diepte en chronometer<br \/>\n-Batterij door de gebruiker te vervangen<\/p>\n","protected":false},"excerpt":{"rendered":"<p>Toen Mares in 2008 de Puck duikcomputer op de markt bracht , ging er een schok door de branche: een super intu\u00eftieve, gebruiksvriendelijke RGBM-nitrox computer met alle functies voor een buitengewoon concurrerende prijs. En dat gebeurt nu weer. Het was niet makkelijk om het oorspronkelijke concept te verbeteren, maar het is ons gelukt. We zijn &hellip; <a href=\"https:\/\/webshop.d-diving.nl\/?product=duikcomputer-mares-2\" class=\"more-link\">Verder lezen <span class=\"screen-reader-text\">Mares Puc pro Duikcomputer<\/span><\/a><\/p>\n","protected":false},"featured_media":8285,"comment_status":"closed","ping_status":"closed","template":"","meta":[],"product_brand":[],"product_cat":[19],"product_tag":[189,236,190,141,154],"class_list":{"0":"post-8283","1":"product","2":"type-product","3":"status-publish","4":"has-post-thumbnail","6":"product_cat-computers","7":"product_tag-computer-duiken","8":"product_tag-dive-computer","9":"product_tag-duikcomputer","10":"product_tag-duiken","11":"product_tag-mares","12":"pa_kleur-grijs","13":"pa_kleur-groen","14":"pa_kleur-rood","16":"first","17":"outofstock","18":"taxable","19":"shipping-taxable","20":"product-type-simple"},"yoast_head":"<!-- This site is optimized with the Yoast SEO plugin v27.4 - https:\/\/yoast.com\/product\/yoast-seo-wordpress\/ -->\n<title>Mares Puc pro Duikcomputer &#8211;<\/title>\n<meta name=\"description\" content=\"Toen Mares in 2008 de Puck duikcomputer op de markt bracht , ging er een schok door de branche: een super intu\u00eftieve, gebruiksvriendelijke RGBM-nitrox computer met alle functies voor een buitengewoon concurrerende prijs. En dat gebeurt nu weer. Het was niet makkelijk om het oorspronkelijke concept te verbeteren, maar het is ons gelukt.\" \/>\n<meta name=\"robots\" content=\"index, follow, max-snippet:-1, max-image-preview:large, max-video-preview:-1\" \/>\n<link rel=\"canonical\" href=\"https:\/\/webshop.d-diving.nl\/?product=duikcomputer-mares-2\" \/>\n<meta property=\"og:locale\" content=\"nl_NL\" \/>\n<meta property=\"og:type\" content=\"article\" \/>\n<meta property=\"og:title\" content=\"Mares Puc pro Duikcomputer &#8211;\" \/>\n<meta property=\"og:description\" content=\"Toen Mares in 2008 de Puck duikcomputer op de markt bracht , ging er een schok door de branche: een super intu\u00eftieve, gebruiksvriendelijke RGBM-nitrox computer met alle functies voor een buitengewoon concurrerende prijs. En dat gebeurt nu weer. Het was niet makkelijk om het oorspronkelijke concept te verbeteren, maar het is ons gelukt.\" \/>\n<meta property=\"og:url\" content=\"https:\/\/webshop.d-diving.nl\/?product=duikcomputer-mares-2\" \/>\n<meta property=\"article:modified_time\" content=\"2023-10-24T16:38:18+00:00\" \/>\n<meta property=\"og:image\" content=\"https:\/\/webshop.d-diving.nl\/wp-content\/uploads\/550x630.jpg\" \/>\n\t<meta property=\"og:image:width\" content=\"550\" \/>\n\t<meta property=\"og:image:height\" content=\"630\" \/>\n\t<meta property=\"og:image:type\" content=\"image\/jpeg\" \/>\n<meta name=\"twitter:card\" content=\"summary_large_image\" \/>\n<meta name=\"twitter:label1\" content=\"Geschatte leestijd\" \/>\n\t<meta name=\"twitter:data1\" content=\"1 minuut\" \/>\n<script type=\"application\/ld+json\" class=\"yoast-schema-graph\">{\"@context\":\"https:\\\/\\\/schema.org\",\"@graph\":[{\"@type\":\"WebPage\",\"@id\":\"https:\\\/\\\/webshop.d-diving.nl\\\/?product=duikcomputer-mares-2\",\"url\":\"https:\\\/\\\/webshop.d-diving.nl\\\/?product=duikcomputer-mares-2\",\"name\":\"Mares Puc pro Duikcomputer &#8211;\",\"isPartOf\":{\"@id\":\"https:\\\/\\\/webshop.d-diving.nl\\\/#website\"},\"primaryImageOfPage\":{\"@id\":\"https:\\\/\\\/webshop.d-diving.nl\\\/?product=duikcomputer-mares-2#primaryimage\"},\"image\":{\"@id\":\"https:\\\/\\\/webshop.d-diving.nl\\\/?product=duikcomputer-mares-2#primaryimage\"},\"thumbnailUrl\":\"https:\\\/\\\/webshop.d-diving.nl\\\/wp-content\\\/uploads\\\/550x630.jpg\",\"datePublished\":\"2021-08-26T16:53:55+00:00\",\"dateModified\":\"2023-10-24T16:38:18+00:00\",\"description\":\"Toen Mares in 2008 de Puck duikcomputer op de markt bracht , ging er een schok door de branche: een super intu\u00eftieve, gebruiksvriendelijke RGBM-nitrox computer met alle functies voor een buitengewoon concurrerende prijs. En dat gebeurt nu weer. Het was niet makkelijk om het oorspronkelijke concept te verbeteren, maar het is ons gelukt.\",\"breadcrumb\":{\"@id\":\"https:\\\/\\\/webshop.d-diving.nl\\\/?product=duikcomputer-mares-2#breadcrumb\"},\"inLanguage\":\"nl-NL\",\"potentialAction\":[{\"@type\":\"ReadAction\",\"target\":[\"https:\\\/\\\/webshop.d-diving.nl\\\/?product=duikcomputer-mares-2\"]}]},{\"@type\":\"ImageObject\",\"inLanguage\":\"nl-NL\",\"@id\":\"https:\\\/\\\/webshop.d-diving.nl\\\/?product=duikcomputer-mares-2#primaryimage\",\"url\":\"https:\\\/\\\/webshop.d-diving.nl\\\/wp-content\\\/uploads\\\/550x630.jpg\",\"contentUrl\":\"https:\\\/\\\/webshop.d-diving.nl\\\/wp-content\\\/uploads\\\/550x630.jpg\",\"width\":550,\"height\":630,\"caption\":\"puc pro\"},{\"@type\":\"BreadcrumbList\",\"@id\":\"https:\\\/\\\/webshop.d-diving.nl\\\/?product=duikcomputer-mares-2#breadcrumb\",\"itemListElement\":[{\"@type\":\"ListItem\",\"position\":1,\"name\":\"Home\",\"item\":\"https:\\\/\\\/webshop.d-diving.nl\\\/\"},{\"@type\":\"ListItem\",\"position\":2,\"name\":\"Welkom\",\"item\":\"https:\\\/\\\/webshop.d-diving.nl\\\/\"},{\"@type\":\"ListItem\",\"position\":3,\"name\":\"Mares Puc pro Duikcomputer\"}]},{\"@type\":\"WebSite\",\"@id\":\"https:\\\/\\\/webshop.d-diving.nl\\\/#website\",\"url\":\"https:\\\/\\\/webshop.d-diving.nl\\\/\",\"name\":\"D-Diving\",\"description\":\"\",\"publisher\":{\"@id\":\"https:\\\/\\\/webshop.d-diving.nl\\\/#\\\/schema\\\/person\\\/bc259e32556272f6b390d54daa0b9b56\"},\"potentialAction\":[{\"@type\":\"SearchAction\",\"target\":{\"@type\":\"EntryPoint\",\"urlTemplate\":\"https:\\\/\\\/webshop.d-diving.nl\\\/?s={search_term_string}\"},\"query-input\":{\"@type\":\"PropertyValueSpecification\",\"valueRequired\":true,\"valueName\":\"search_term_string\"}}],\"inLanguage\":\"nl-NL\"},{\"@type\":[\"Person\",\"Organization\"],\"@id\":\"https:\\\/\\\/webshop.d-diving.nl\\\/#\\\/schema\\\/person\\\/bc259e32556272f6b390d54daa0b9b56\",\"name\":\"Dennis\",\"logo\":{\"@id\":\"https:\\\/\\\/webshop.d-diving.nl\\\/#\\\/schema\\\/person\\\/image\\\/\"},\"sameAs\":[\"http:\\\/\\\/www.d-diving.nl\"]}]}<\/script>\n<!-- \/ Yoast SEO plugin. -->","yoast_head_json":{"title":"Mares Puc pro Duikcomputer &#8211;","description":"Toen Mares in 2008 de Puck duikcomputer op de markt bracht , ging er een schok door de branche: een super intu\u00eftieve, gebruiksvriendelijke RGBM-nitrox computer met alle functies voor een buitengewoon concurrerende prijs. En dat gebeurt nu weer. Het was niet makkelijk om het oorspronkelijke concept te verbeteren, maar het is ons gelukt.","robots":{"index":"index","follow":"follow","max-snippet":"max-snippet:-1","max-image-preview":"max-image-preview:large","max-video-preview":"max-video-preview:-1"},"canonical":"https:\/\/webshop.d-diving.nl\/?product=duikcomputer-mares-2","og_locale":"nl_NL","og_type":"article","og_title":"Mares Puc pro Duikcomputer &#8211;","og_description":"Toen Mares in 2008 de Puck duikcomputer op de markt bracht , ging er een schok door de branche: een super intu\u00eftieve, gebruiksvriendelijke RGBM-nitrox computer met alle functies voor een buitengewoon concurrerende prijs. En dat gebeurt nu weer. Het was niet makkelijk om het oorspronkelijke concept te verbeteren, maar het is ons gelukt.","og_url":"https:\/\/webshop.d-diving.nl\/?product=duikcomputer-mares-2","article_modified_time":"2023-10-24T16:38:18+00:00","og_image":[{"width":550,"height":630,"url":"https:\/\/webshop.d-diving.nl\/wp-content\/uploads\/550x630.jpg","type":"image\/jpeg"}],"twitter_card":"summary_large_image","twitter_misc":{"Geschatte leestijd":"1 minuut"},"schema":{"@context":"https:\/\/schema.org","@graph":[{"@type":"WebPage","@id":"https:\/\/webshop.d-diving.nl\/?product=duikcomputer-mares-2","url":"https:\/\/webshop.d-diving.nl\/?product=duikcomputer-mares-2","name":"Mares Puc pro Duikcomputer &#8211;","isPartOf":{"@id":"https:\/\/webshop.d-diving.nl\/#website"},"primaryImageOfPage":{"@id":"https:\/\/webshop.d-diving.nl\/?product=duikcomputer-mares-2#primaryimage"},"image":{"@id":"https:\/\/webshop.d-diving.nl\/?product=duikcomputer-mares-2#primaryimage"},"thumbnailUrl":"https:\/\/webshop.d-diving.nl\/wp-content\/uploads\/550x630.jpg","datePublished":"2021-08-26T16:53:55+00:00","dateModified":"2023-10-24T16:38:18+00:00","description":"Toen Mares in 2008 de Puck duikcomputer op de markt bracht , ging er een schok door de branche: een super intu\u00eftieve, gebruiksvriendelijke RGBM-nitrox computer met alle functies voor een buitengewoon concurrerende prijs. En dat gebeurt nu weer. Het was niet makkelijk om het oorspronkelijke concept te verbeteren, maar het is ons gelukt.","breadcrumb":{"@id":"https:\/\/webshop.d-diving.nl\/?product=duikcomputer-mares-2#breadcrumb"},"inLanguage":"nl-NL","potentialAction":[{"@type":"ReadAction","target":["https:\/\/webshop.d-diving.nl\/?product=duikcomputer-mares-2"]}]},{"@type":"ImageObject","inLanguage":"nl-NL","@id":"https:\/\/webshop.d-diving.nl\/?product=duikcomputer-mares-2#primaryimage","url":"https:\/\/webshop.d-diving.nl\/wp-content\/uploads\/550x630.jpg","contentUrl":"https:\/\/webshop.d-diving.nl\/wp-content\/uploads\/550x630.jpg","width":550,"height":630,"caption":"puc pro"},{"@type":"BreadcrumbList","@id":"https:\/\/webshop.d-diving.nl\/?product=duikcomputer-mares-2#breadcrumb","itemListElement":[{"@type":"ListItem","position":1,"name":"Home","item":"https:\/\/webshop.d-diving.nl\/"},{"@type":"ListItem","position":2,"name":"Welkom","item":"https:\/\/webshop.d-diving.nl\/"},{"@type":"ListItem","position":3,"name":"Mares Puc pro Duikcomputer"}]},{"@type":"WebSite","@id":"https:\/\/webshop.d-diving.nl\/#website","url":"https:\/\/webshop.d-diving.nl\/","name":"D-Diving","description":"","publisher":{"@id":"https:\/\/webshop.d-diving.nl\/#\/schema\/person\/bc259e32556272f6b390d54daa0b9b56"},"potentialAction":[{"@type":"SearchAction","target":{"@type":"EntryPoint","urlTemplate":"https:\/\/webshop.d-diving.nl\/?s={search_term_string}"},"query-input":{"@type":"PropertyValueSpecification","valueRequired":true,"valueName":"search_term_string"}}],"inLanguage":"nl-NL"},{"@type":["Person","Organization"],"@id":"https:\/\/webshop.d-diving.nl\/#\/schema\/person\/bc259e32556272f6b390d54daa0b9b56","name":"Dennis","logo":{"@id":"https:\/\/webshop.d-diving.nl\/#\/schema\/person\/image\/"},"sameAs":["http:\/\/www.d-diving.nl"]}]}},"_links":{"self":[{"href":"https:\/\/webshop.d-diving.nl\/index.php?rest_route=\/wp\/v2\/product\/8283","targetHints":{"allow":["GET"]}}],"collection":[{"href":"https:\/\/webshop.d-diving.nl\/index.php?rest_route=\/wp\/v2\/product"}],"about":[{"href":"https:\/\/webshop.d-diving.nl\/index.php?rest_route=\/wp\/v2\/types\/product"}],"replies":[{"embeddable":true,"href":"https:\/\/webshop.d-diving.nl\/index.php?rest_route=%2Fwp%2Fv2%2Fcomments&post=8283"}],"wp:featuredmedia":[{"embeddable":true,"href":"https:\/\/webshop.d-diving.nl\/index.php?rest_route=\/wp\/v2\/media\/8285"}],"wp:attachment":[{"href":"https:\/\/webshop.d-diving.nl\/index.php?rest_route=%2Fwp%2Fv2%2Fmedia&parent=8283"}],"wp:term":[{"taxonomy":"product_brand","embeddable":true,"href":"https:\/\/webshop.d-diving.nl\/index.php?rest_route=%2Fwp%2Fv2%2Fproduct_brand&post=8283"},{"taxonomy":"product_cat","embeddable":true,"href":"https:\/\/webshop.d-diving.nl\/index.php?rest_route=%2Fwp%2Fv2%2Fproduct_cat&post=8283"},{"taxonomy":"product_tag","embeddable":true,"href":"https:\/\/webshop.d-diving.nl\/index.php?rest_route=%2Fwp%2Fv2%2Fproduct_tag&post=8283"}],"curies":[{"name":"wp","href":"https:\/\/api.w.org\/{rel}","templated":true}]}}