{"id":8321,"date":"2022-04-04T07:27:08","date_gmt":"2022-04-04T07:27:08","guid":{"rendered":"https:\/\/webshop.d-diving.nl\/?post_type=product&#038;p=8321"},"modified":"2022-04-04T07:27:08","modified_gmt":"2022-04-04T07:27:08","slug":"duiklamp","status":"publish","type":"product","link":"https:\/\/webshop.d-diving.nl\/?product=duiklamp","title":{"rendered":"OrcaTorch SD03"},"content":{"rendered":"<p>De OrcaTorch SD03 is een compact en multifunctioneel 4-kleuren duikbaken. Het kan licht uitstralen in 4 verschillende kleuren en heeft 8 verlichtingsmodi: voor elke kleur ofwel constant licht of knipperende modus. Zowel de kleur- als de lichtmodus kan worden gekozen door de body te draaien. De SD03 kan worden gebruikt als signaallamp onder water of buiten, back-uplamp voor duiken, gewone buitenverlichting, enz. De buitenkant is gemaakt van plastic dat zorgt voor een goede lichtpenetratie. Met uitstekende waterdichtheid, zal het functioneren tot 150 meter onder water. Het lijdt geen twijfel dat de SD03 een van de beste keuzes is voor duik- of buitenverlichting.Hij heeft en brandtijd van 250 uur<\/p>\n<p><strong>Bevat<\/strong><\/p>\n<ul>\n<li>4 enkele kleuren en 8 modi ge\u00efntegreerd in \u00e9\u00e9n lamp<\/li>\n<li>Compatibel met 1*AA-batterij of 1*14500-batterij<\/li>\n<li>Antislip en comfortabele siliconen ring<\/li>\n<li>Praktische en handige modusgeheugenfunctie<\/li>\n<li>Transparante kunststof buitenkant met verbeterde lichtgeleidingsprestaties<\/li>\n<\/ul>\n","protected":false},"excerpt":{"rendered":"<p>De OrcaTorch SD03 is een compact en multifunctioneel 4-kleuren duikbaken. Het kan licht uitstralen in 4 verschillende kleuren en heeft 8 verlichtingsmodi: voor elke kleur ofwel constant licht of knipperende modus. Zowel de kleur- als de lichtmodus kan worden gekozen door de body te draaien. De SD03 kan worden gebruikt als signaallamp onder water of &hellip; <a href=\"https:\/\/webshop.d-diving.nl\/?product=duiklamp\" class=\"more-link\">Verder lezen <span class=\"screen-reader-text\">OrcaTorch SD03<\/span><\/a><\/p>\n","protected":false},"featured_media":8322,"comment_status":"closed","ping_status":"closed","template":"","meta":[],"product_brand":[],"product_cat":[46],"product_tag":[219,197,182,217],"class_list":{"0":"post-8321","1":"product","2":"type-product","3":"status-publish","4":"has-post-thumbnail","6":"product_cat-lampen-en-accessoires","7":"product_tag-accu-lamp","8":"product_tag-divegear","9":"product_tag-duiklamp","10":"product_tag-onder-waterlamp","12":"first","13":"instock","14":"taxable","15":"shipping-taxable","16":"purchasable","17":"product-type-simple"},"yoast_head":"<!-- This site is optimized with the Yoast SEO plugin v27.4 - https:\/\/yoast.com\/product\/yoast-seo-wordpress\/ -->\n<title>OrcaTorch SD03 &#8211;<\/title>\n<meta name=\"description\" content=\"De OrcaTorch SD03 is een compact en multifunctioneel 4-kleuren duikbaken. Het kan licht uitstralen in 4 verschillende kleuren en heeft 8 verlichtingsmodi: voor elke kleur ofwel constant licht of knipperende modus. Zowel de kleur- als de lichtmodus kan worden gekozen door de body te draaien.\" \/>\n<meta name=\"robots\" content=\"index, follow, max-snippet:-1, max-image-preview:large, max-video-preview:-1\" \/>\n<link rel=\"canonical\" href=\"https:\/\/webshop.d-diving.nl\/?product=duiklamp\" \/>\n<meta property=\"og:locale\" content=\"nl_NL\" \/>\n<meta property=\"og:type\" content=\"article\" \/>\n<meta property=\"og:title\" content=\"OrcaTorch SD03 &#8211;\" \/>\n<meta property=\"og:description\" content=\"De OrcaTorch SD03 is een compact en multifunctioneel 4-kleuren duikbaken. Het kan licht uitstralen in 4 verschillende kleuren en heeft 8 verlichtingsmodi: voor elke kleur ofwel constant licht of knipperende modus. Zowel de kleur- als de lichtmodus kan worden gekozen door de body te draaien.\" \/>\n<meta property=\"og:url\" content=\"https:\/\/webshop.d-diving.nl\/?product=duiklamp\" \/>\n<meta property=\"og:image\" content=\"https:\/\/webshop.d-diving.nl\/wp-content\/uploads\/images-8.jpeg\" \/>\n\t<meta property=\"og:image:width\" content=\"225\" \/>\n\t<meta property=\"og:image:height\" content=\"225\" \/>\n\t<meta property=\"og:image:type\" content=\"image\/jpeg\" \/>\n<meta name=\"twitter:card\" content=\"summary_large_image\" \/>\n<meta name=\"twitter:label1\" content=\"Geschatte leestijd\" \/>\n\t<meta name=\"twitter:data1\" content=\"1 minuut\" \/>\n<script type=\"application\/ld+json\" class=\"yoast-schema-graph\">{\"@context\":\"https:\\\/\\\/schema.org\",\"@graph\":[{\"@type\":\"WebPage\",\"@id\":\"https:\\\/\\\/webshop.d-diving.nl\\\/?product=duiklamp\",\"url\":\"https:\\\/\\\/webshop.d-diving.nl\\\/?product=duiklamp\",\"name\":\"OrcaTorch SD03 &#8211;\",\"isPartOf\":{\"@id\":\"https:\\\/\\\/webshop.d-diving.nl\\\/#website\"},\"primaryImageOfPage\":{\"@id\":\"https:\\\/\\\/webshop.d-diving.nl\\\/?product=duiklamp#primaryimage\"},\"image\":{\"@id\":\"https:\\\/\\\/webshop.d-diving.nl\\\/?product=duiklamp#primaryimage\"},\"thumbnailUrl\":\"https:\\\/\\\/webshop.d-diving.nl\\\/wp-content\\\/uploads\\\/images-8.jpeg\",\"datePublished\":\"2022-04-04T07:27:08+00:00\",\"description\":\"De OrcaTorch SD03 is een compact en multifunctioneel 4-kleuren duikbaken. Het kan licht uitstralen in 4 verschillende kleuren en heeft 8 verlichtingsmodi: voor elke kleur ofwel constant licht of knipperende modus. Zowel de kleur- als de lichtmodus kan worden gekozen door de body te draaien.\",\"breadcrumb\":{\"@id\":\"https:\\\/\\\/webshop.d-diving.nl\\\/?product=duiklamp#breadcrumb\"},\"inLanguage\":\"nl-NL\",\"potentialAction\":[{\"@type\":\"ReadAction\",\"target\":[\"https:\\\/\\\/webshop.d-diving.nl\\\/?product=duiklamp\"]}]},{\"@type\":\"ImageObject\",\"inLanguage\":\"nl-NL\",\"@id\":\"https:\\\/\\\/webshop.d-diving.nl\\\/?product=duiklamp#primaryimage\",\"url\":\"https:\\\/\\\/webshop.d-diving.nl\\\/wp-content\\\/uploads\\\/images-8.jpeg\",\"contentUrl\":\"https:\\\/\\\/webshop.d-diving.nl\\\/wp-content\\\/uploads\\\/images-8.jpeg\",\"width\":225,\"height\":225},{\"@type\":\"BreadcrumbList\",\"@id\":\"https:\\\/\\\/webshop.d-diving.nl\\\/?product=duiklamp#breadcrumb\",\"itemListElement\":[{\"@type\":\"ListItem\",\"position\":1,\"name\":\"Home\",\"item\":\"https:\\\/\\\/webshop.d-diving.nl\\\/\"},{\"@type\":\"ListItem\",\"position\":2,\"name\":\"Welkom\",\"item\":\"https:\\\/\\\/webshop.d-diving.nl\\\/\"},{\"@type\":\"ListItem\",\"position\":3,\"name\":\"OrcaTorch SD03\"}]},{\"@type\":\"WebSite\",\"@id\":\"https:\\\/\\\/webshop.d-diving.nl\\\/#website\",\"url\":\"https:\\\/\\\/webshop.d-diving.nl\\\/\",\"name\":\"D-Diving\",\"description\":\"\",\"publisher\":{\"@id\":\"https:\\\/\\\/webshop.d-diving.nl\\\/#\\\/schema\\\/person\\\/bc259e32556272f6b390d54daa0b9b56\"},\"potentialAction\":[{\"@type\":\"SearchAction\",\"target\":{\"@type\":\"EntryPoint\",\"urlTemplate\":\"https:\\\/\\\/webshop.d-diving.nl\\\/?s={search_term_string}\"},\"query-input\":{\"@type\":\"PropertyValueSpecification\",\"valueRequired\":true,\"valueName\":\"search_term_string\"}}],\"inLanguage\":\"nl-NL\"},{\"@type\":[\"Person\",\"Organization\"],\"@id\":\"https:\\\/\\\/webshop.d-diving.nl\\\/#\\\/schema\\\/person\\\/bc259e32556272f6b390d54daa0b9b56\",\"name\":\"Dennis\",\"logo\":{\"@id\":\"https:\\\/\\\/webshop.d-diving.nl\\\/#\\\/schema\\\/person\\\/image\\\/\"},\"sameAs\":[\"http:\\\/\\\/www.d-diving.nl\"]}]}<\/script>\n<!-- \/ Yoast SEO plugin. -->","yoast_head_json":{"title":"OrcaTorch SD03 &#8211;","description":"De OrcaTorch SD03 is een compact en multifunctioneel 4-kleuren duikbaken. Het kan licht uitstralen in 4 verschillende kleuren en heeft 8 verlichtingsmodi: voor elke kleur ofwel constant licht of knipperende modus. Zowel de kleur- als de lichtmodus kan worden gekozen door de body te draaien.","robots":{"index":"index","follow":"follow","max-snippet":"max-snippet:-1","max-image-preview":"max-image-preview:large","max-video-preview":"max-video-preview:-1"},"canonical":"https:\/\/webshop.d-diving.nl\/?product=duiklamp","og_locale":"nl_NL","og_type":"article","og_title":"OrcaTorch SD03 &#8211;","og_description":"De OrcaTorch SD03 is een compact en multifunctioneel 4-kleuren duikbaken. Het kan licht uitstralen in 4 verschillende kleuren en heeft 8 verlichtingsmodi: voor elke kleur ofwel constant licht of knipperende modus. Zowel de kleur- als de lichtmodus kan worden gekozen door de body te draaien.","og_url":"https:\/\/webshop.d-diving.nl\/?product=duiklamp","og_image":[{"width":225,"height":225,"url":"https:\/\/webshop.d-diving.nl\/wp-content\/uploads\/images-8.jpeg","type":"image\/jpeg"}],"twitter_card":"summary_large_image","twitter_misc":{"Geschatte leestijd":"1 minuut"},"schema":{"@context":"https:\/\/schema.org","@graph":[{"@type":"WebPage","@id":"https:\/\/webshop.d-diving.nl\/?product=duiklamp","url":"https:\/\/webshop.d-diving.nl\/?product=duiklamp","name":"OrcaTorch SD03 &#8211;","isPartOf":{"@id":"https:\/\/webshop.d-diving.nl\/#website"},"primaryImageOfPage":{"@id":"https:\/\/webshop.d-diving.nl\/?product=duiklamp#primaryimage"},"image":{"@id":"https:\/\/webshop.d-diving.nl\/?product=duiklamp#primaryimage"},"thumbnailUrl":"https:\/\/webshop.d-diving.nl\/wp-content\/uploads\/images-8.jpeg","datePublished":"2022-04-04T07:27:08+00:00","description":"De OrcaTorch SD03 is een compact en multifunctioneel 4-kleuren duikbaken. Het kan licht uitstralen in 4 verschillende kleuren en heeft 8 verlichtingsmodi: voor elke kleur ofwel constant licht of knipperende modus. Zowel de kleur- als de lichtmodus kan worden gekozen door de body te draaien.","breadcrumb":{"@id":"https:\/\/webshop.d-diving.nl\/?product=duiklamp#breadcrumb"},"inLanguage":"nl-NL","potentialAction":[{"@type":"ReadAction","target":["https:\/\/webshop.d-diving.nl\/?product=duiklamp"]}]},{"@type":"ImageObject","inLanguage":"nl-NL","@id":"https:\/\/webshop.d-diving.nl\/?product=duiklamp#primaryimage","url":"https:\/\/webshop.d-diving.nl\/wp-content\/uploads\/images-8.jpeg","contentUrl":"https:\/\/webshop.d-diving.nl\/wp-content\/uploads\/images-8.jpeg","width":225,"height":225},{"@type":"BreadcrumbList","@id":"https:\/\/webshop.d-diving.nl\/?product=duiklamp#breadcrumb","itemListElement":[{"@type":"ListItem","position":1,"name":"Home","item":"https:\/\/webshop.d-diving.nl\/"},{"@type":"ListItem","position":2,"name":"Welkom","item":"https:\/\/webshop.d-diving.nl\/"},{"@type":"ListItem","position":3,"name":"OrcaTorch SD03"}]},{"@type":"WebSite","@id":"https:\/\/webshop.d-diving.nl\/#website","url":"https:\/\/webshop.d-diving.nl\/","name":"D-Diving","description":"","publisher":{"@id":"https:\/\/webshop.d-diving.nl\/#\/schema\/person\/bc259e32556272f6b390d54daa0b9b56"},"potentialAction":[{"@type":"SearchAction","target":{"@type":"EntryPoint","urlTemplate":"https:\/\/webshop.d-diving.nl\/?s={search_term_string}"},"query-input":{"@type":"PropertyValueSpecification","valueRequired":true,"valueName":"search_term_string"}}],"inLanguage":"nl-NL"},{"@type":["Person","Organization"],"@id":"https:\/\/webshop.d-diving.nl\/#\/schema\/person\/bc259e32556272f6b390d54daa0b9b56","name":"Dennis","logo":{"@id":"https:\/\/webshop.d-diving.nl\/#\/schema\/person\/image\/"},"sameAs":["http:\/\/www.d-diving.nl"]}]}},"_links":{"self":[{"href":"https:\/\/webshop.d-diving.nl\/index.php?rest_route=\/wp\/v2\/product\/8321","targetHints":{"allow":["GET"]}}],"collection":[{"href":"https:\/\/webshop.d-diving.nl\/index.php?rest_route=\/wp\/v2\/product"}],"about":[{"href":"https:\/\/webshop.d-diving.nl\/index.php?rest_route=\/wp\/v2\/types\/product"}],"replies":[{"embeddable":true,"href":"https:\/\/webshop.d-diving.nl\/index.php?rest_route=%2Fwp%2Fv2%2Fcomments&post=8321"}],"wp:featuredmedia":[{"embeddable":true,"href":"https:\/\/webshop.d-diving.nl\/index.php?rest_route=\/wp\/v2\/media\/8322"}],"wp:attachment":[{"href":"https:\/\/webshop.d-diving.nl\/index.php?rest_route=%2Fwp%2Fv2%2Fmedia&parent=8321"}],"wp:term":[{"taxonomy":"product_brand","embeddable":true,"href":"https:\/\/webshop.d-diving.nl\/index.php?rest_route=%2Fwp%2Fv2%2Fproduct_brand&post=8321"},{"taxonomy":"product_cat","embeddable":true,"href":"https:\/\/webshop.d-diving.nl\/index.php?rest_route=%2Fwp%2Fv2%2Fproduct_cat&post=8321"},{"taxonomy":"product_tag","embeddable":true,"href":"https:\/\/webshop.d-diving.nl\/index.php?rest_route=%2Fwp%2Fv2%2Fproduct_tag&post=8321"}],"curies":[{"name":"wp","href":"https:\/\/api.w.org\/{rel}","templated":true}]}}