{"id":8418,"date":"2023-02-24T15:57:33","date_gmt":"2023-02-24T15:57:33","guid":{"rendered":"https:\/\/webshop.d-diving.nl\/?post_type=product&#038;p=8418"},"modified":"2023-02-24T15:57:34","modified_gmt":"2023-02-24T15:57:34","slug":"duiklamp-2","status":"publish","type":"product","link":"https:\/\/webshop.d-diving.nl\/?product=duiklamp-2","title":{"rendered":"Duiklamp Cobra van Best Diver"},"content":{"rendered":"<p>Duiklamp Cobra \u00a0Best Diver<\/p>\n<p>Gemaakt voor duikers die maar \u00e9\u00e9n stand willen gebruiken: vol vermogen. \u00c9\u00e9n keer de schakelaar indrukken zet de lamp op 100% vermogen aan. Druk hem nog een keer in om hem uit te schakelen. Door de schakelaar ongeveer 4 seconden ingedrukt te houden activeer je een noodflits van 10 Hz stroboscoop. Door zijn ergonomische vorm is hij prettig vast te houden.<\/p>\n<ul>\n<li>COBRA lamp lichaam: polycarbonaat<\/li>\n<li>Reflector: aluminium<\/li>\n<li>Front bezel: geanodiseerd aluminium<\/li>\n<li>Lens: tempered glass<\/li>\n<li>Afmetingen: Lengte 170mm, \u00d8 kop 42mm<\/li>\n<li>Gewicht op land: ongv. 270gr<\/li>\n<li>Gewicht in water: ongv. 150gr<\/li>\n<li>Diepte: 120 m<\/li>\n<li>Lumen: 1500<\/li>\n<li>LED: LUMINUS SST40, 15 W<\/li>\n<li>Straal: 9\u00b0<\/li>\n<li>Lux op 1 meter: 26.000<\/li>\n<li>Kleur temperatuur: 6.800K<\/li>\n<li>Batterijen: 1x 21700 Li-Ion 3.7 V 4000 mAh (inbegrepen)<\/li>\n<li>Brandtijd: 145 min op 100%<\/li>\n<li>Magnetische schakelaar en extern oplaadpunt<\/li>\n<li>Blokkeren van aan\/uit schakelaar<\/li>\n<\/ul>\n","protected":false},"excerpt":{"rendered":"<p>Duiklamp Cobra \u00a0Best Diver Gemaakt voor duikers die maar \u00e9\u00e9n stand willen gebruiken: vol vermogen. \u00c9\u00e9n keer de schakelaar indrukken zet de lamp op 100% vermogen aan. Druk hem nog een keer in om hem uit te schakelen. Door de schakelaar ongeveer 4 seconden ingedrukt te houden activeer je een noodflits van 10 Hz stroboscoop. &hellip; <a href=\"https:\/\/webshop.d-diving.nl\/?product=duiklamp-2\" class=\"more-link\">Verder lezen <span class=\"screen-reader-text\">Duiklamp Cobra van Best Diver<\/span><\/a><\/p>\n","protected":false},"featured_media":8419,"comment_status":"closed","ping_status":"closed","template":"","meta":[],"product_brand":[],"product_cat":[46],"product_tag":[219,197,182,217],"class_list":{"0":"post-8418","1":"product","2":"type-product","3":"status-publish","4":"has-post-thumbnail","6":"product_cat-lampen-en-accessoires","7":"product_tag-accu-lamp","8":"product_tag-divegear","9":"product_tag-duiklamp","10":"product_tag-onder-waterlamp","12":"first","13":"instock","14":"taxable","15":"shipping-taxable","16":"purchasable","17":"product-type-simple"},"yoast_head":"<!-- This site is optimized with the Yoast SEO plugin v27.4 - https:\/\/yoast.com\/product\/yoast-seo-wordpress\/ -->\n<title>Duiklamp Cobra van Best Diver &#8211;<\/title>\n<meta name=\"description\" content=\"Gemaakt voor duikers die maar \u00e9\u00e9n stand willen gebruiken: vol vermogen. \u00c9\u00e9n keer de schakelaar indrukken zet de lamp op 100% vermogen aan. Druk hem nog een keer in om hem uit te schakelen. Door de schakelaar ongeveer 4 seconden ingedrukt te houden activeer je een noodflits van 10 Hz stroboscoop. Door zijn ergonomische vorm is hij prettig vast te houden.\" \/>\n<meta name=\"robots\" content=\"index, follow, max-snippet:-1, max-image-preview:large, max-video-preview:-1\" \/>\n<link rel=\"canonical\" href=\"https:\/\/webshop.d-diving.nl\/?product=duiklamp-2\" \/>\n<meta property=\"og:locale\" content=\"nl_NL\" \/>\n<meta property=\"og:type\" content=\"article\" \/>\n<meta property=\"og:title\" content=\"Duiklamp Cobra van Best Diver &#8211;\" \/>\n<meta property=\"og:description\" content=\"Gemaakt voor duikers die maar \u00e9\u00e9n stand willen gebruiken: vol vermogen. \u00c9\u00e9n keer de schakelaar indrukken zet de lamp op 100% vermogen aan. Druk hem nog een keer in om hem uit te schakelen. Door de schakelaar ongeveer 4 seconden ingedrukt te houden activeer je een noodflits van 10 Hz stroboscoop. Door zijn ergonomische vorm is hij prettig vast te houden.\" \/>\n<meta property=\"og:url\" content=\"https:\/\/webshop.d-diving.nl\/?product=duiklamp-2\" \/>\n<meta property=\"article:modified_time\" content=\"2023-02-24T15:57:34+00:00\" \/>\n<meta property=\"og:image\" content=\"https:\/\/webshop.d-diving.nl\/wp-content\/uploads\/best-divers-cobra-pure-1500-l-120-m-flashlight.jpg\" \/>\n\t<meta property=\"og:image:width\" content=\"1000\" \/>\n\t<meta property=\"og:image:height\" content=\"1000\" \/>\n\t<meta property=\"og:image:type\" content=\"image\/jpeg\" \/>\n<meta name=\"twitter:card\" content=\"summary_large_image\" \/>\n<meta name=\"twitter:label1\" content=\"Geschatte leestijd\" \/>\n\t<meta name=\"twitter:data1\" content=\"1 minuut\" \/>\n<script type=\"application\/ld+json\" class=\"yoast-schema-graph\">{\"@context\":\"https:\\\/\\\/schema.org\",\"@graph\":[{\"@type\":\"WebPage\",\"@id\":\"https:\\\/\\\/webshop.d-diving.nl\\\/?product=duiklamp-2\",\"url\":\"https:\\\/\\\/webshop.d-diving.nl\\\/?product=duiklamp-2\",\"name\":\"Duiklamp Cobra van Best Diver &#8211;\",\"isPartOf\":{\"@id\":\"https:\\\/\\\/webshop.d-diving.nl\\\/#website\"},\"primaryImageOfPage\":{\"@id\":\"https:\\\/\\\/webshop.d-diving.nl\\\/?product=duiklamp-2#primaryimage\"},\"image\":{\"@id\":\"https:\\\/\\\/webshop.d-diving.nl\\\/?product=duiklamp-2#primaryimage\"},\"thumbnailUrl\":\"https:\\\/\\\/webshop.d-diving.nl\\\/wp-content\\\/uploads\\\/best-divers-cobra-pure-1500-l-120-m-flashlight.jpg\",\"datePublished\":\"2023-02-24T15:57:33+00:00\",\"dateModified\":\"2023-02-24T15:57:34+00:00\",\"description\":\"Gemaakt voor duikers die maar \u00e9\u00e9n stand willen gebruiken: vol vermogen. \u00c9\u00e9n keer de schakelaar indrukken zet de lamp op 100% vermogen aan. Druk hem nog een keer in om hem uit te schakelen. Door de schakelaar ongeveer 4 seconden ingedrukt te houden activeer je een noodflits van 10 Hz stroboscoop. Door zijn ergonomische vorm is hij prettig vast te houden.\",\"breadcrumb\":{\"@id\":\"https:\\\/\\\/webshop.d-diving.nl\\\/?product=duiklamp-2#breadcrumb\"},\"inLanguage\":\"nl-NL\",\"potentialAction\":[{\"@type\":\"ReadAction\",\"target\":[\"https:\\\/\\\/webshop.d-diving.nl\\\/?product=duiklamp-2\"]}]},{\"@type\":\"ImageObject\",\"inLanguage\":\"nl-NL\",\"@id\":\"https:\\\/\\\/webshop.d-diving.nl\\\/?product=duiklamp-2#primaryimage\",\"url\":\"https:\\\/\\\/webshop.d-diving.nl\\\/wp-content\\\/uploads\\\/best-divers-cobra-pure-1500-l-120-m-flashlight.jpg\",\"contentUrl\":\"https:\\\/\\\/webshop.d-diving.nl\\\/wp-content\\\/uploads\\\/best-divers-cobra-pure-1500-l-120-m-flashlight.jpg\",\"width\":1000,\"height\":1000},{\"@type\":\"BreadcrumbList\",\"@id\":\"https:\\\/\\\/webshop.d-diving.nl\\\/?product=duiklamp-2#breadcrumb\",\"itemListElement\":[{\"@type\":\"ListItem\",\"position\":1,\"name\":\"Home\",\"item\":\"https:\\\/\\\/webshop.d-diving.nl\\\/\"},{\"@type\":\"ListItem\",\"position\":2,\"name\":\"Welkom\",\"item\":\"https:\\\/\\\/webshop.d-diving.nl\\\/\"},{\"@type\":\"ListItem\",\"position\":3,\"name\":\"Duiklamp Cobra van Best Diver\"}]},{\"@type\":\"WebSite\",\"@id\":\"https:\\\/\\\/webshop.d-diving.nl\\\/#website\",\"url\":\"https:\\\/\\\/webshop.d-diving.nl\\\/\",\"name\":\"D-Diving\",\"description\":\"\",\"publisher\":{\"@id\":\"https:\\\/\\\/webshop.d-diving.nl\\\/#\\\/schema\\\/person\\\/bc259e32556272f6b390d54daa0b9b56\"},\"potentialAction\":[{\"@type\":\"SearchAction\",\"target\":{\"@type\":\"EntryPoint\",\"urlTemplate\":\"https:\\\/\\\/webshop.d-diving.nl\\\/?s={search_term_string}\"},\"query-input\":{\"@type\":\"PropertyValueSpecification\",\"valueRequired\":true,\"valueName\":\"search_term_string\"}}],\"inLanguage\":\"nl-NL\"},{\"@type\":[\"Person\",\"Organization\"],\"@id\":\"https:\\\/\\\/webshop.d-diving.nl\\\/#\\\/schema\\\/person\\\/bc259e32556272f6b390d54daa0b9b56\",\"name\":\"Dennis\",\"logo\":{\"@id\":\"https:\\\/\\\/webshop.d-diving.nl\\\/#\\\/schema\\\/person\\\/image\\\/\"},\"sameAs\":[\"http:\\\/\\\/www.d-diving.nl\"]}]}<\/script>\n<!-- \/ Yoast SEO plugin. -->","yoast_head_json":{"title":"Duiklamp Cobra van Best Diver &#8211;","description":"Gemaakt voor duikers die maar \u00e9\u00e9n stand willen gebruiken: vol vermogen. \u00c9\u00e9n keer de schakelaar indrukken zet de lamp op 100% vermogen aan. Druk hem nog een keer in om hem uit te schakelen. Door de schakelaar ongeveer 4 seconden ingedrukt te houden activeer je een noodflits van 10 Hz stroboscoop. Door zijn ergonomische vorm is hij prettig vast te houden.","robots":{"index":"index","follow":"follow","max-snippet":"max-snippet:-1","max-image-preview":"max-image-preview:large","max-video-preview":"max-video-preview:-1"},"canonical":"https:\/\/webshop.d-diving.nl\/?product=duiklamp-2","og_locale":"nl_NL","og_type":"article","og_title":"Duiklamp Cobra van Best Diver &#8211;","og_description":"Gemaakt voor duikers die maar \u00e9\u00e9n stand willen gebruiken: vol vermogen. \u00c9\u00e9n keer de schakelaar indrukken zet de lamp op 100% vermogen aan. Druk hem nog een keer in om hem uit te schakelen. Door de schakelaar ongeveer 4 seconden ingedrukt te houden activeer je een noodflits van 10 Hz stroboscoop. Door zijn ergonomische vorm is hij prettig vast te houden.","og_url":"https:\/\/webshop.d-diving.nl\/?product=duiklamp-2","article_modified_time":"2023-02-24T15:57:34+00:00","og_image":[{"width":1000,"height":1000,"url":"https:\/\/webshop.d-diving.nl\/wp-content\/uploads\/best-divers-cobra-pure-1500-l-120-m-flashlight.jpg","type":"image\/jpeg"}],"twitter_card":"summary_large_image","twitter_misc":{"Geschatte leestijd":"1 minuut"},"schema":{"@context":"https:\/\/schema.org","@graph":[{"@type":"WebPage","@id":"https:\/\/webshop.d-diving.nl\/?product=duiklamp-2","url":"https:\/\/webshop.d-diving.nl\/?product=duiklamp-2","name":"Duiklamp Cobra van Best Diver &#8211;","isPartOf":{"@id":"https:\/\/webshop.d-diving.nl\/#website"},"primaryImageOfPage":{"@id":"https:\/\/webshop.d-diving.nl\/?product=duiklamp-2#primaryimage"},"image":{"@id":"https:\/\/webshop.d-diving.nl\/?product=duiklamp-2#primaryimage"},"thumbnailUrl":"https:\/\/webshop.d-diving.nl\/wp-content\/uploads\/best-divers-cobra-pure-1500-l-120-m-flashlight.jpg","datePublished":"2023-02-24T15:57:33+00:00","dateModified":"2023-02-24T15:57:34+00:00","description":"Gemaakt voor duikers die maar \u00e9\u00e9n stand willen gebruiken: vol vermogen. \u00c9\u00e9n keer de schakelaar indrukken zet de lamp op 100% vermogen aan. Druk hem nog een keer in om hem uit te schakelen. Door de schakelaar ongeveer 4 seconden ingedrukt te houden activeer je een noodflits van 10 Hz stroboscoop. Door zijn ergonomische vorm is hij prettig vast te houden.","breadcrumb":{"@id":"https:\/\/webshop.d-diving.nl\/?product=duiklamp-2#breadcrumb"},"inLanguage":"nl-NL","potentialAction":[{"@type":"ReadAction","target":["https:\/\/webshop.d-diving.nl\/?product=duiklamp-2"]}]},{"@type":"ImageObject","inLanguage":"nl-NL","@id":"https:\/\/webshop.d-diving.nl\/?product=duiklamp-2#primaryimage","url":"https:\/\/webshop.d-diving.nl\/wp-content\/uploads\/best-divers-cobra-pure-1500-l-120-m-flashlight.jpg","contentUrl":"https:\/\/webshop.d-diving.nl\/wp-content\/uploads\/best-divers-cobra-pure-1500-l-120-m-flashlight.jpg","width":1000,"height":1000},{"@type":"BreadcrumbList","@id":"https:\/\/webshop.d-diving.nl\/?product=duiklamp-2#breadcrumb","itemListElement":[{"@type":"ListItem","position":1,"name":"Home","item":"https:\/\/webshop.d-diving.nl\/"},{"@type":"ListItem","position":2,"name":"Welkom","item":"https:\/\/webshop.d-diving.nl\/"},{"@type":"ListItem","position":3,"name":"Duiklamp Cobra van Best Diver"}]},{"@type":"WebSite","@id":"https:\/\/webshop.d-diving.nl\/#website","url":"https:\/\/webshop.d-diving.nl\/","name":"D-Diving","description":"","publisher":{"@id":"https:\/\/webshop.d-diving.nl\/#\/schema\/person\/bc259e32556272f6b390d54daa0b9b56"},"potentialAction":[{"@type":"SearchAction","target":{"@type":"EntryPoint","urlTemplate":"https:\/\/webshop.d-diving.nl\/?s={search_term_string}"},"query-input":{"@type":"PropertyValueSpecification","valueRequired":true,"valueName":"search_term_string"}}],"inLanguage":"nl-NL"},{"@type":["Person","Organization"],"@id":"https:\/\/webshop.d-diving.nl\/#\/schema\/person\/bc259e32556272f6b390d54daa0b9b56","name":"Dennis","logo":{"@id":"https:\/\/webshop.d-diving.nl\/#\/schema\/person\/image\/"},"sameAs":["http:\/\/www.d-diving.nl"]}]}},"_links":{"self":[{"href":"https:\/\/webshop.d-diving.nl\/index.php?rest_route=\/wp\/v2\/product\/8418","targetHints":{"allow":["GET"]}}],"collection":[{"href":"https:\/\/webshop.d-diving.nl\/index.php?rest_route=\/wp\/v2\/product"}],"about":[{"href":"https:\/\/webshop.d-diving.nl\/index.php?rest_route=\/wp\/v2\/types\/product"}],"replies":[{"embeddable":true,"href":"https:\/\/webshop.d-diving.nl\/index.php?rest_route=%2Fwp%2Fv2%2Fcomments&post=8418"}],"wp:featuredmedia":[{"embeddable":true,"href":"https:\/\/webshop.d-diving.nl\/index.php?rest_route=\/wp\/v2\/media\/8419"}],"wp:attachment":[{"href":"https:\/\/webshop.d-diving.nl\/index.php?rest_route=%2Fwp%2Fv2%2Fmedia&parent=8418"}],"wp:term":[{"taxonomy":"product_brand","embeddable":true,"href":"https:\/\/webshop.d-diving.nl\/index.php?rest_route=%2Fwp%2Fv2%2Fproduct_brand&post=8418"},{"taxonomy":"product_cat","embeddable":true,"href":"https:\/\/webshop.d-diving.nl\/index.php?rest_route=%2Fwp%2Fv2%2Fproduct_cat&post=8418"},{"taxonomy":"product_tag","embeddable":true,"href":"https:\/\/webshop.d-diving.nl\/index.php?rest_route=%2Fwp%2Fv2%2Fproduct_tag&post=8418"}],"curies":[{"name":"wp","href":"https:\/\/api.w.org\/{rel}","templated":true}]}}